{"id":1013,"date":"2023-08-30T09:59:28","date_gmt":"2023-08-30T09:59:28","guid":{"rendered":"https:\/\/retreatsvalencia.com\/politica-de-cookies\/"},"modified":"2023-10-11T12:35:48","modified_gmt":"2023-10-11T12:35:48","slug":"politica-de-cookies","status":"publish","type":"page","link":"https:\/\/retreatsvalencia.com\/es\/politica-de-cookies\/","title":{"rendered":"Pol\u00edtica de cookies"},"content":{"rendered":"\t\t<div data-elementor-type=\"wp-page\" data-elementor-id=\"1013\" class=\"elementor elementor-1013 elementor-289\" data-elementor-post-type=\"page\">\n\t\t\t\t\t\t<section class=\"elementor-section elementor-top-section elementor-element elementor-element-a90c1e6 elementor-section-boxed elementor-section-height-default elementor-section-height-default\" data-id=\"a90c1e6\" data-element_type=\"section\">\n\t\t\t\t\t\t<div class=\"elementor-container elementor-column-gap-default\">\n\t\t\t\t\t<div class=\"elementor-column elementor-col-100 elementor-top-column elementor-element elementor-element-79d7f64\" data-id=\"79d7f64\" data-element_type=\"column\">\n\t\t\t<div class=\"elementor-widget-wrap elementor-element-populated\">\n\t\t\t\t\t\t<div class=\"elementor-element elementor-element-6a571b7 elementor-widget elementor-widget-heading\" data-id=\"6a571b7\" data-element_type=\"widget\" data-widget_type=\"heading.default\">\n\t\t\t\t<div class=\"elementor-widget-container\">\n\t\t\t\t\t<p class=\"elementor-heading-title elementor-size-default\">Pol\u00edtica de Cookies<\/p>\t\t\t\t<\/div>\n\t\t\t\t<\/div>\n\t\t\t\t<div class=\"elementor-element elementor-element-d830f99 elementor-widget elementor-widget-text-editor\" data-id=\"d830f99\" data-element_type=\"widget\" data-widget_type=\"text-editor.default\">\n\t\t\t\t<div class=\"elementor-widget-container\">\n\t\t\t\t\t\t\t\t\t<p>Conforme dispone el art\u00edculo 22.2 de la Ley 34\/2002, de 11 de julio, de Servicios de la Sociedad de la Informaci\u00f3n y de Comercio Electr\u00f3nico (LSSI-CE) vigente, en VORTEX COWORKING nos gustar\u00eda informos sobre qu\u00e9 son las cookies, qu\u00e9 tipos existen y cu\u00e1les recopilamos en nuestro sitio web.<\/p>\n<p><strong>\u00bfQu\u00e9 son las cookies?<\/strong><\/p>\n<p>Las cookies nos permiten almacenar y recuperar informaci\u00f3n sobre los usuarios que navegan en nuestra p\u00e1gina web. Son esenciales para el correcto funcionamiento de internet y aportan ventajas a la hora de poder prestar un servicio adecuado y facilitar la experiencia de usuario. En caso de continuar navegando en <a href=\"https:\/\/vortexcoworking.es\/\" target=\"_blank\" rel=\"noopener noreferrer\">www.vortexcoworking.es,<\/a> damos por hecho que se acepta la instalaci\u00f3n de cookies, d\u00e1ndonos el consentimiento para instalarlas en su equipo.<\/p>\n<p>En esta p\u00e1gina utilizamos tanto cookies propias como de terceros. Estas cookies no da\u00f1an, en ning\u00fan caso, tu equipo, simplemente ayudan a mejorar los servicios ofrecidos. Se utilizan tanto cookies de sesi\u00f3n, temporales, como cookies permanentes. Las cookies de sesi\u00f3n se almacenan mientras el usuario accede a la web, desapareciendo cuando se cierra el navegador; las permanentes se almacenan para usarse en m\u00e1s de una sesi\u00f3n y caducan transcurrido un periodo de tiempo (entre dos meses y dos a\u00f1os).<\/p>\n<p>Para el perfecto funcionamiento de esta p\u00e1gina web, pueden ser necesarias una serie de cookies t\u00e9cnicas y de personalizaci\u00f3n. Sin embargo, no son necesarios para utilizar el sitio web. Se puede configurar el navegador para que acepte, rechace o notifique la necesidad de alojamiento de una cookie en su terminal. Cada navegador tiene unas necesidades diferentes y una configuraci\u00f3n espec\u00edfica para bloquear dicha recopilaci\u00f3n de cookies. Por eso, con la intenci\u00f3n de facilitar el proceso, aqu\u00ed pod\u00e9is encontrar la configuraci\u00f3n de cada uno de los navegadores:<\/p>\n<ul>\n<li><a href=\"http:\/\/support.google.com\/chrome\/bin\/answer.py?hl=es&amp;answer=95647\" target=\"_blank\" rel=\"noopener noreferrer\"><strong>GOOGLE CROMO<\/strong><\/a><\/li>\n<li><a href=\"http:\/\/support.apple.com\/kb\/ph5042\" target=\"_blank\" rel=\"noopener noreferrer\"><strong>SAFARI<\/strong><\/a><\/li>\n<li><a href=\"http:\/\/support.mozilla.org\/es\/kb\/habilitar-y-deshabilitar-cookies-que-los-sitios-we\" target=\"_blank\" rel=\"noopener noreferrer\"><strong>MOZILLA FIREFOX<\/strong><\/a><\/li>\n<li><a href=\"http:\/\/windows.microsoft.com\/es-es\/internet-explorer\/delete-manage-cookies#ie=ie-10\" target=\"_blank\" rel=\"noopener noreferrer\"><strong>EXPLORADOR DE INTERNET<\/strong><\/a><\/li>\n<\/ul>\n<p>VORTEX COWORKING informa a nuestros usuarios sobre el uso de Google Analytics en este sitio web que almacena cookies para poder crear informes estad\u00edsticos sobre el tr\u00e1fico y el volumen de visitas de esta p\u00e1gina. Al utilizar este sitio web, el usuario consiente el tratamiento de su informaci\u00f3n por parte de Google. Por tanto, el ejercicio de cualquier derecho, en este sentido, el usuario deber\u00e1 hacerlo comunic\u00e1ndose directamente con Google.<\/p>\n<p>El usuario podr\u00e1 configurar su navegador <a href=\"https:\/\/support.google.com\/analytics\/answer\/181881?hl=es\">aqu\u00ed<\/a> para que las cookies de Google Analytics no se instalen en su terminal. Google Analytics almacena las cookies en servidores ubicados en Estados Unidos. Google se compromete a no compartir dicha informaci\u00f3n con terceros, excepto en los casos en los que sea necesario para el funcionamiento del sistema o cuando la ley obligue a tal efecto. Seg\u00fan Google no guarda su direcci\u00f3n IP.<\/p>\n<p>Google Inc. es una compa\u00f1\u00eda adherida a \u00abPrivacy Shield\u00bb (escudo de privacidad) que garantiza que todos los datos transferidos ser\u00e1n tratados con un nivel de protecci\u00f3n acorde a la normativa europea. El Usuario puede consultar informaci\u00f3n detallada a este respecto a trav\u00e9s del siguiente enlace: <a href=\"https:\/\/support.google.com\/analytics\/answer\/6004245\" target=\"_blank\" rel=\"noopener noreferrer\">https:\/\/support.google.com\/analytics\/answer\/6004245<\/a>.<\/p>\n<p>Si el Usuario lo desea, puede utilizar el Complemento de inhabilitaci\u00f3n para navegadores de Google Analytics, a trav\u00e9s de cuyas instrucciones pueden rechazarse las cookies anal\u00edticas de dicho servicio en todos los navegadores. El Usuario puede consultar m\u00e1s informaci\u00f3n al respecto en el siguiente enlace: <a href=\"https:\/\/tools.google.com\/dlpage\/gaoptout\" target=\"_blank\" rel=\"noopener noreferrer\">https:\/\/tools.google.com\/dlpage\/gaoptout.<\/a><\/p>\n<p><strong>Tipos de cookies<\/strong><\/p>\n<p>Dependiendo de su finalidad, la p\u00e1gina web puede utilizar diferentes tipos e cookies:<\/p>\n<ul>\n<li><strong>Cookies t\u00e9cnicas:<\/strong> permiten al usuario la navegaci\u00f3n por el sitio web y la utilizaci\u00f3n de diferentes opciones o servicios que en ella existan como controlar el tr\u00e1fico y la comunicaci\u00f3n de datos, identificar la sesi\u00f3n o acceder a partes de acceso restringido.<\/li>\n<li><strong>Cookies de personalizaci\u00f3n: <\/strong>permiten al usuario acceder al servicio con algunas caracter\u00edsticas generales predefinidas como el idioma o el tipo de navegador desde el que se accede.<\/li>\n<li><strong>Cookies de an\u00e1lisis:<\/strong> permiten el seguimiento y el an\u00e1lisis del comportamiento del usuario de las p\u00e1ginas vinculadas.<\/li>\n<li><strong>Cookies publicitarias:<\/strong> permiten la gesti\u00f3n, de manera eficaz, de los espacios publicitarios.<\/li>\n<li><strong>Cookies de publicidad comportamental:<\/strong> almacenan informaci\u00f3n obtenida a trav\u00e9s de la observaci\u00f3n de los h\u00e1bitos de navegaci\u00f3n para desarrollar un perfil espec\u00edfico y mostrar publicidad en funci\u00f3n del mismo.<\/li>\n<li><strong>Cookies de redes sociales externas:<\/strong> se utilizan para facilitar la interactuaci\u00f3n de los visitantes entre contenidos de diferentes plataformas sociales. La pol\u00edtica de privacidad viene regulada por cada plataforma social correspondiente.<\/li>\n<\/ul>\n<p><strong>Google Analytics:<\/strong><\/p>\n<ul>\n<li><strong>utma: <\/strong>Esta cookie genera un ID de usuario \u00fanico y registra la fecha, la primera y la \u00faltima vez que el usuario visit\u00f3 la web. Se utiliza para hacer recuento de cuantas veces visita el sitio un usuario \u00fanico. Caduca 2 a\u00f1os desde la \u00faltima actualizaci\u00f3n. (Cookies de terceros anal\u00edticas)<\/li>\n<li><strong>Utmz:<\/strong>  Esta cookie almacena el origen del visitante, el camino que ha seguido para acceder a la web ya sea un acceso directo, desde un enlace en otra web, desde un enlace de correo electr\u00f3nico, empleando determinadas palabras clave en un motor de b\u00fasqueda, a trav\u00e9s de una campa\u00f1a de display, o por medio de un anuncio de AdWords. Esta cookie se utiliza para calcular el tr\u00e1fico que proviene de motores de b\u00fasqueda (org\u00e1nico y PPC), las campa\u00f1as publicitarias en display y la navegaci\u00f3n dentro de la misma web (enlaces internos). La cookie se actualiza en cada visita a la web. Caduca a los 6 meses. (Cookies de terceros anal\u00edticas)<\/li>\n<li><strong>utmb:<\/strong> Esta cookie registra la hora de llegada a la p\u00e1gina y caduca a los 30 minutos del \u00faltimo registro de p\u00e1gina vista. Se elimina autom\u00e1ticamente al cambiar de web o al cerrar el navegador. Si un usuario permanece m\u00e1s de 30 minutos sin actividad en una web (se va a comer, por ejemplo) y vuelve a solicitar una p\u00e1gina ser\u00e1 considerada una nueva sesi\u00f3n de usuario (1 usuario \u00fanico que hace 2 visitas). Para calcular el tiempo que un usuario permanece en una p\u00e1gina se resta el valor de la p\u00e1gina actual del valor de la p\u00e1gina anterior. Si modificamos el c\u00f3digo de Google Analytics para registrar eventos (los clics o el scroll) podremos determinar el tiempo que el usuario pasa en la \u00faltima p\u00e1gina que visita. Tambi\u00e9n podemos modificar la duraci\u00f3n de una sesi\u00f3n con el m\u00e9todo _setSessionCookieTimeout(). Caduca a los 30 minutos de la \u00faltima actualizaci\u00f3n. (Cookies de terceros anal\u00edticas)<\/li>\n<li><strong>utmc:<\/strong> Ya no se utiliza. El c\u00f3digo javascript actual que utiliza Google Analytics no requiere esta cookie. Antes esta cookie se utilizaba junto con la cookie _utmb para determinar si transcurridos m\u00e1s de 30 minutos en la misma p\u00e1gina, proced\u00eda o no establecer una nueva sesi\u00f3n para el usuario. Esta cookie se sigue escribiendo para asegurar la compatibilidad con las webs donde est\u00e1 instalado el antiguo c\u00f3digo de seguimiento urchin.js. (Cookies de terceros anal\u00edticas)<\/li>\n<li><strong>utmv:<\/strong> Es una cookie opcional, solo se usa cuando a partir de los datos obtenidos de registro se quieren segmentar posteriormente datos demogr\u00e1ficos como el sexo o la edad de los visitantes. La informaci\u00f3n se obtiene a trav\u00e9s de la _setVar () del c\u00f3digo de Google Analytics. Caduca a los 2 a\u00f1os de la \u00faltima actualizaci\u00f3n.<\/li>\n<\/ul>\n<p><strong>Aceptaci\u00f3n de las cookies.<\/strong><\/p>\n<p>Accediendo a esta p\u00e1gina web por primera vez, aparecer\u00e1 una ventana d\u00f3nde se informa de la utilizaci\u00f3n de las cookies y d\u00f3nde consultar nuestra \u00abPol\u00edtica de Cookies\u00bb. Navegando o haciendo clic en cualquiera de las p\u00e1ginas de este sitio web, se dar\u00e1 por hecho el consentimiento de nuestra Pol\u00edtica de Cookies y, por tanto, la instalaci\u00f3n de las mismas en su equipo o dispositivo. En el caso de bloquear o no aceptar la instalaci\u00f3n de cookies, es posible que ciertos servicios no est\u00e9n disponibles o no pueda aprovechar por completo todo lo que nuestra web ofrece.<\/p>\n\t\t\t\t\t\t\t\t<\/div>\n\t\t\t\t<\/div>\n\t\t\t\t\t<\/div>\n\t\t<\/div>\n\t\t\t\t\t<\/div>\n\t\t<\/section>\n\t\t\t\t<\/div>\n\t\t","protected":false},"excerpt":{"rendered":"<p>Pol\u00edtica de Cookies Conforme dispone el art\u00edculo 22.2 de la Ley 34\/2002, de 11 de julio, de Servicios de la Sociedad de la Informaci\u00f3n y de Comercio Electr\u00f3nico (LSSI-CE) vigente, en VORTEX COWORKING nos gustar\u00eda informos sobre qu\u00e9 son las cookies, qu\u00e9 tipos existen y cu\u00e1les recopilamos en nuestro sitio web. \u00bfQu\u00e9 son las cookies? &#8230; <a title=\"Pol\u00edtica de cookies\" class=\"read-more\" href=\"https:\/\/retreatsvalencia.com\/es\/politica-de-cookies\/\" aria-label=\"M\u00e1s en Pol\u00edtica de cookies\">Leer m\u00e1s<\/a><\/p>\n","protected":false},"author":4,"featured_media":0,"parent":0,"menu_order":0,"comment_status":"closed","ping_status":"closed","template":"elementor_header_footer","meta":{"footnotes":""},"class_list":["post-1013","page","type-page","status-publish"],"yoast_head":"<!-- This site is optimized with the Yoast SEO plugin v21.3 - https:\/\/yoast.com\/wordpress\/plugins\/seo\/ -->\n<title>Pol\u00edtica de cookies - Retreats Valencia<\/title>\n<meta name=\"robots\" content=\"noindex, nofollow\" \/>\n<meta property=\"og:locale\" content=\"es_ES\" \/>\n<meta property=\"og:type\" content=\"article\" \/>\n<meta property=\"og:title\" content=\"Pol\u00edtica de cookies - Retreats Valencia\" \/>\n<meta property=\"og:description\" content=\"Pol\u00edtica de Cookies Conforme dispone el art\u00edculo 22.2 de la Ley 34\/2002, de 11 de julio, de Servicios de la Sociedad de la Informaci\u00f3n y de Comercio Electr\u00f3nico (LSSI-CE) vigente, en VORTEX COWORKING nos gustar\u00eda informos sobre qu\u00e9 son las cookies, qu\u00e9 tipos existen y cu\u00e1les recopilamos en nuestro sitio web. \u00bfQu\u00e9 son las cookies? ... Leer m\u00e1s\" \/>\n<meta property=\"og:url\" content=\"https:\/\/retreatsvalencia.com\/es\/politica-de-cookies\/\" \/>\n<meta property=\"og:site_name\" content=\"Retreats Valencia\" \/>\n<meta property=\"article:publisher\" content=\"https:\/\/www.facebook.com\/vortexcoworking\" \/>\n<meta property=\"article:modified_time\" content=\"2023-10-11T12:35:48+00:00\" \/>\n<meta name=\"twitter:card\" content=\"summary_large_image\" \/>\n<meta name=\"twitter:label1\" content=\"Tiempo de lectura\" \/>\n\t<meta name=\"twitter:data1\" content=\"7 minutos\" \/>\n<script type=\"application\/ld+json\" class=\"yoast-schema-graph\">{\"@context\":\"https:\/\/schema.org\",\"@graph\":[{\"@type\":\"WebPage\",\"@id\":\"https:\/\/retreatsvalencia.com\/es\/politica-de-cookies\/\",\"url\":\"https:\/\/retreatsvalencia.com\/es\/politica-de-cookies\/\",\"name\":\"Pol\u00edtica de cookies - Retreats Valencia\",\"isPartOf\":{\"@id\":\"https:\/\/retreatsvalencia.com\/es\/#website\"},\"datePublished\":\"2023-08-30T09:59:28+00:00\",\"dateModified\":\"2023-10-11T12:35:48+00:00\",\"breadcrumb\":{\"@id\":\"https:\/\/retreatsvalencia.com\/es\/politica-de-cookies\/#breadcrumb\"},\"inLanguage\":\"es\",\"potentialAction\":[{\"@type\":\"ReadAction\",\"target\":[\"https:\/\/retreatsvalencia.com\/es\/politica-de-cookies\/\"]}]},{\"@type\":\"BreadcrumbList\",\"@id\":\"https:\/\/retreatsvalencia.com\/es\/politica-de-cookies\/#breadcrumb\",\"itemListElement\":[{\"@type\":\"ListItem\",\"position\":1,\"name\":\"Portada\",\"item\":\"https:\/\/retreatsvalencia.com\/es\/\"},{\"@type\":\"ListItem\",\"position\":2,\"name\":\"Pol\u00edtica de cookies\"}]},{\"@type\":\"WebSite\",\"@id\":\"https:\/\/retreatsvalencia.com\/es\/#website\",\"url\":\"https:\/\/retreatsvalencia.com\/es\/\",\"name\":\"Retreats Valencia\",\"description\":\"Proffesional retreats in Valencia\",\"publisher\":{\"@id\":\"https:\/\/retreatsvalencia.com\/es\/#organization\"},\"potentialAction\":[{\"@type\":\"SearchAction\",\"target\":{\"@type\":\"EntryPoint\",\"urlTemplate\":\"https:\/\/retreatsvalencia.com\/es\/?s={search_term_string}\"},\"query-input\":\"required name=search_term_string\"}],\"inLanguage\":\"es\"},{\"@type\":\"Organization\",\"@id\":\"https:\/\/retreatsvalencia.com\/es\/#organization\",\"name\":\"Retreats Valencia\",\"url\":\"https:\/\/retreatsvalencia.com\/es\/\",\"logo\":{\"@type\":\"ImageObject\",\"inLanguage\":\"es\",\"@id\":\"https:\/\/retreatsvalencia.com\/es\/#\/schema\/logo\/image\/\",\"url\":\"https:\/\/retreatsvalencia.com\/wp-content\/uploads\/2023\/09\/cropped-logo-transparente-negro-vortex.webp\",\"contentUrl\":\"https:\/\/retreatsvalencia.com\/wp-content\/uploads\/2023\/09\/cropped-logo-transparente-negro-vortex.webp\",\"width\":591,\"height\":119,\"caption\":\"Retreats Valencia\"},\"image\":{\"@id\":\"https:\/\/retreatsvalencia.com\/es\/#\/schema\/logo\/image\/\"},\"sameAs\":[\"https:\/\/www.facebook.com\/vortexcoworking\",\"https:\/\/www.instagram.com\/vortexcoworking\/\",\"https:\/\/www.youtube.com\/channel\/UCZP-swQ-vNAxRSGFFw8dgtQ\"]}]}<\/script>\n<!-- \/ Yoast SEO plugin. -->","yoast_head_json":{"title":"Pol\u00edtica de cookies - Retreats Valencia","robots":{"index":"noindex","follow":"nofollow"},"og_locale":"es_ES","og_type":"article","og_title":"Pol\u00edtica de cookies - Retreats Valencia","og_description":"Pol\u00edtica de Cookies Conforme dispone el art\u00edculo 22.2 de la Ley 34\/2002, de 11 de julio, de Servicios de la Sociedad de la Informaci\u00f3n y de Comercio Electr\u00f3nico (LSSI-CE) vigente, en VORTEX COWORKING nos gustar\u00eda informos sobre qu\u00e9 son las cookies, qu\u00e9 tipos existen y cu\u00e1les recopilamos en nuestro sitio web. \u00bfQu\u00e9 son las cookies? ... Leer m\u00e1s","og_url":"https:\/\/retreatsvalencia.com\/es\/politica-de-cookies\/","og_site_name":"Retreats Valencia","article_publisher":"https:\/\/www.facebook.com\/vortexcoworking","article_modified_time":"2023-10-11T12:35:48+00:00","twitter_card":"summary_large_image","twitter_misc":{"Tiempo de lectura":"7 minutos"},"schema":{"@context":"https:\/\/schema.org","@graph":[{"@type":"WebPage","@id":"https:\/\/retreatsvalencia.com\/es\/politica-de-cookies\/","url":"https:\/\/retreatsvalencia.com\/es\/politica-de-cookies\/","name":"Pol\u00edtica de cookies - Retreats Valencia","isPartOf":{"@id":"https:\/\/retreatsvalencia.com\/es\/#website"},"datePublished":"2023-08-30T09:59:28+00:00","dateModified":"2023-10-11T12:35:48+00:00","breadcrumb":{"@id":"https:\/\/retreatsvalencia.com\/es\/politica-de-cookies\/#breadcrumb"},"inLanguage":"es","potentialAction":[{"@type":"ReadAction","target":["https:\/\/retreatsvalencia.com\/es\/politica-de-cookies\/"]}]},{"@type":"BreadcrumbList","@id":"https:\/\/retreatsvalencia.com\/es\/politica-de-cookies\/#breadcrumb","itemListElement":[{"@type":"ListItem","position":1,"name":"Portada","item":"https:\/\/retreatsvalencia.com\/es\/"},{"@type":"ListItem","position":2,"name":"Pol\u00edtica de cookies"}]},{"@type":"WebSite","@id":"https:\/\/retreatsvalencia.com\/es\/#website","url":"https:\/\/retreatsvalencia.com\/es\/","name":"Retreats Valencia","description":"Proffesional retreats in Valencia","publisher":{"@id":"https:\/\/retreatsvalencia.com\/es\/#organization"},"potentialAction":[{"@type":"SearchAction","target":{"@type":"EntryPoint","urlTemplate":"https:\/\/retreatsvalencia.com\/es\/?s={search_term_string}"},"query-input":"required name=search_term_string"}],"inLanguage":"es"},{"@type":"Organization","@id":"https:\/\/retreatsvalencia.com\/es\/#organization","name":"Retreats Valencia","url":"https:\/\/retreatsvalencia.com\/es\/","logo":{"@type":"ImageObject","inLanguage":"es","@id":"https:\/\/retreatsvalencia.com\/es\/#\/schema\/logo\/image\/","url":"https:\/\/retreatsvalencia.com\/wp-content\/uploads\/2023\/09\/cropped-logo-transparente-negro-vortex.webp","contentUrl":"https:\/\/retreatsvalencia.com\/wp-content\/uploads\/2023\/09\/cropped-logo-transparente-negro-vortex.webp","width":591,"height":119,"caption":"Retreats Valencia"},"image":{"@id":"https:\/\/retreatsvalencia.com\/es\/#\/schema\/logo\/image\/"},"sameAs":["https:\/\/www.facebook.com\/vortexcoworking","https:\/\/www.instagram.com\/vortexcoworking\/","https:\/\/www.youtube.com\/channel\/UCZP-swQ-vNAxRSGFFw8dgtQ"]}]}},"_links":{"self":[{"href":"https:\/\/retreatsvalencia.com\/es\/wp-json\/wp\/v2\/pages\/1013","targetHints":{"allow":["GET"]}}],"collection":[{"href":"https:\/\/retreatsvalencia.com\/es\/wp-json\/wp\/v2\/pages"}],"about":[{"href":"https:\/\/retreatsvalencia.com\/es\/wp-json\/wp\/v2\/types\/page"}],"author":[{"embeddable":true,"href":"https:\/\/retreatsvalencia.com\/es\/wp-json\/wp\/v2\/users\/4"}],"replies":[{"embeddable":true,"href":"https:\/\/retreatsvalencia.com\/es\/wp-json\/wp\/v2\/comments?post=1013"}],"version-history":[{"count":4,"href":"https:\/\/retreatsvalencia.com\/es\/wp-json\/wp\/v2\/pages\/1013\/revisions"}],"predecessor-version":[{"id":1063,"href":"https:\/\/retreatsvalencia.com\/es\/wp-json\/wp\/v2\/pages\/1013\/revisions\/1063"}],"wp:attachment":[{"href":"https:\/\/retreatsvalencia.com\/es\/wp-json\/wp\/v2\/media?parent=1013"}],"curies":[{"name":"wp","href":"https:\/\/api.w.org\/{rel}","templated":true}]}}