{"id":977,"date":"2023-08-29T08:15:56","date_gmt":"2023-08-29T08:15:56","guid":{"rendered":"https:\/\/retreatsvalencia.com\/pongase-en-contacto-con\/"},"modified":"2024-09-24T11:41:44","modified_gmt":"2024-09-24T11:41:44","slug":"pongase-en-contacto-con","status":"publish","type":"page","link":"https:\/\/retreatsvalencia.com\/es\/pongase-en-contacto-con\/","title":{"rendered":"Contacto"},"content":{"rendered":"\t\t<div data-elementor-type=\"wp-page\" data-elementor-id=\"977\" class=\"elementor elementor-977 elementor-24\" data-elementor-post-type=\"page\">\n\t\t\t\t\t\t<section class=\"elementor-section elementor-top-section elementor-element elementor-element-5384fc4 elementor-section-boxed elementor-section-height-default elementor-section-height-default\" data-id=\"5384fc4\" data-element_type=\"section\">\n\t\t\t\t\t\t<div class=\"elementor-container elementor-column-gap-default\">\n\t\t\t\t\t<div class=\"elementor-column elementor-col-100 elementor-top-column elementor-element elementor-element-afd97c3\" data-id=\"afd97c3\" data-element_type=\"column\">\n\t\t\t<div class=\"elementor-widget-wrap elementor-element-populated\">\n\t\t\t\t\t\t<div class=\"elementor-element elementor-element-872f9ef elementor--h-position-center elementor--v-position-middle elementor-arrows-position-inside elementor-pagination-position-inside elementor-widget elementor-widget-slides\" data-id=\"872f9ef\" data-element_type=\"widget\" data-settings=\"{&quot;navigation&quot;:&quot;both&quot;,&quot;autoplay&quot;:&quot;yes&quot;,&quot;pause_on_hover&quot;:&quot;yes&quot;,&quot;pause_on_interaction&quot;:&quot;yes&quot;,&quot;autoplay_speed&quot;:5000,&quot;infinite&quot;:&quot;yes&quot;,&quot;transition&quot;:&quot;slide&quot;,&quot;transition_speed&quot;:500}\" data-widget_type=\"slides.default\">\n\t\t\t\t<div class=\"elementor-widget-container\">\n\t\t\t\t\t\t\t<div class=\"elementor-swiper\">\n\t\t\t<div class=\"elementor-slides-wrapper elementor-main-swiper swiper-container\" dir=\"ltr\" data-animation=\"fadeInUp\">\n\t\t\t\t<div class=\"swiper-wrapper elementor-slides\">\n\t\t\t\t\t\t\t\t\t\t<div class=\"elementor-repeater-item-34be18f swiper-slide\"><div class=\"swiper-slide-bg\" role=\"img\"><\/div><div class=\"swiper-slide-inner\" ><div class=\"swiper-slide-contents\"><div class=\"elementor-slide-heading\">Contacta con nosotros<\/div><\/div><\/div><\/div>\t\t\t\t<\/div>\n\t\t\t\t\t\t\t<\/div>\n\t\t<\/div>\n\t\t\t\t\t\t<\/div>\n\t\t\t\t<\/div>\n\t\t\t\t\t<\/div>\n\t\t<\/div>\n\t\t\t\t\t<\/div>\n\t\t<\/section>\n\t\t\t\t<section class=\"elementor-section elementor-top-section elementor-element elementor-element-17ad21b elementor-section-boxed elementor-section-height-default elementor-section-height-default\" data-id=\"17ad21b\" data-element_type=\"section\">\n\t\t\t\t\t\t<div class=\"elementor-container elementor-column-gap-default\">\n\t\t\t\t\t<div class=\"elementor-column elementor-col-100 elementor-top-column elementor-element elementor-element-875e2b2\" data-id=\"875e2b2\" data-element_type=\"column\">\n\t\t\t<div class=\"elementor-widget-wrap elementor-element-populated\">\n\t\t\t\t\t\t<div class=\"elementor-element elementor-element-95fd0c7 elementor-widget elementor-widget-shortcode\" data-id=\"95fd0c7\" data-element_type=\"widget\" data-widget_type=\"shortcode.default\">\n\t\t\t\t<div class=\"elementor-widget-container\">\n\t\t\t\t\t\t\t<div class=\"elementor-shortcode\"><script type=\"text\/javascript\">var gform;gform||(document.addEventListener(\"gform_main_scripts_loaded\",function(){gform.scriptsLoaded=!0}),window.addEventListener(\"DOMContentLoaded\",function(){gform.domLoaded=!0}),gform={domLoaded:!1,scriptsLoaded:!1,initializeOnLoaded:function(o){gform.domLoaded&&gform.scriptsLoaded?o():!gform.domLoaded&&gform.scriptsLoaded?window.addEventListener(\"DOMContentLoaded\",o):document.addEventListener(\"gform_main_scripts_loaded\",o)},hooks:{action:{},filter:{}},addAction:function(o,n,r,t){gform.addHook(\"action\",o,n,r,t)},addFilter:function(o,n,r,t){gform.addHook(\"filter\",o,n,r,t)},doAction:function(o){gform.doHook(\"action\",o,arguments)},applyFilters:function(o){return gform.doHook(\"filter\",o,arguments)},removeAction:function(o,n){gform.removeHook(\"action\",o,n)},removeFilter:function(o,n,r){gform.removeHook(\"filter\",o,n,r)},addHook:function(o,n,r,t,i){null==gform.hooks[o][n]&&(gform.hooks[o][n]=[]);var e=gform.hooks[o][n];null==i&&(i=n+\"_\"+e.length),gform.hooks[o][n].push({tag:i,callable:r,priority:t=null==t?10:t})},doHook:function(n,o,r){var t;if(r=Array.prototype.slice.call(r,1),null!=gform.hooks[n][o]&&((o=gform.hooks[n][o]).sort(function(o,n){return o.priority-n.priority}),o.forEach(function(o){\"function\"!=typeof(t=o.callable)&&(t=window[t]),\"action\"==n?t.apply(null,r):r[0]=t.apply(null,r)})),\"filter\"==n)return r[0]},removeHook:function(o,n,t,i){var r;null!=gform.hooks[o][n]&&(r=(r=gform.hooks[o][n]).filter(function(o,n,r){return!!(null!=i&&i!=o.tag||null!=t&&t!=o.priority)}),gform.hooks[o][n]=r)}});<\/script>\n                <div class='gf_browser_gecko gform_wrapper gravity-theme gform-theme--no-framework' data-form-theme='gravity-theme' data-form-index='0' id='gform_wrapper_1' >\n                        <div class='gform_heading'>\n                            <h2 class=\"gform_title\">Contacto<\/h2>\n                            <p class='gform_description'><\/p>\n\t\t\t\t\t\t\t<p class='gform_required_legend'>&quot;<span class=\"gfield_required gfield_required_asterisk\">*<\/span>&quot; se\u00f1ala los campos obligatorios<\/p>\n                        <\/div><form method='post' enctype='multipart\/form-data'  id='gform_1'  action='\/es\/wp-json\/wp\/v2\/pages\/977' data-formid='1' novalidate>\n                        <div class='gform-body gform_body'><div id='gform_fields_1' class='gform_fields top_label form_sublabel_below description_below'><div id=\"field_1_1\"  class=\"gfield gfield--type-text gfield_contains_required field_sublabel_below gfield--no-description field_description_below gfield_visibility_visible\"  data-js-reload=\"field_1_1\"><label class='gfield_label gform-field-label' for='input_1_1' >Full Name<span class=\"gfield_required\"><span class=\"gfield_required gfield_required_asterisk\">*<\/span><\/span><\/label><div class='ginput_container ginput_container_text'><input name='input_1' id='input_1_1' type='text' value='' class='large'    placeholder='Full Name' aria-required=\"true\" aria-invalid=\"false\"   \/> <\/div><\/div><div id=\"field_1_3\"  class=\"gfield gfield--type-email gfield--width-full gfield_contains_required field_sublabel_below gfield--no-description field_description_below gfield_visibility_visible\"  data-js-reload=\"field_1_3\"><label class='gfield_label gform-field-label' for='input_1_3' >Email<span class=\"gfield_required\"><span class=\"gfield_required gfield_required_asterisk\">*<\/span><\/span><\/label><div class='ginput_container ginput_container_email'>\n                            <input name='input_3' id='input_1_3' type='email' value='' class='large'   placeholder='Email' aria-required=\"true\" aria-invalid=\"false\"  \/>\n                        <\/div><\/div><div id=\"field_1_5\"  class=\"gfield gfield--type-textarea gfield--width-full gfield_contains_required field_sublabel_below gfield--no-description field_description_below gfield_visibility_visible\"  data-js-reload=\"field_1_5\"><label class='gfield_label gform-field-label' for='input_1_5' >Comments<span class=\"gfield_required\"><span class=\"gfield_required gfield_required_asterisk\">*<\/span><\/span><\/label><div class='ginput_container ginput_container_textarea'><textarea name='input_5' id='input_1_5' class='textarea large'    placeholder='Tell us about it' aria-required=\"true\" aria-invalid=\"false\"   rows='10' cols='50'><\/textarea><\/div><\/div><fieldset id=\"field_1_6\"  class=\"gfield gfield--type-checkbox gfield--type-choice gfield--width-full gfield_contains_required field_sublabel_below gfield--no-description field_description_below hidden_label gfield_visibility_visible\"  data-js-reload=\"field_1_6\"><legend class='gfield_label gform-field-label gfield_label_before_complex'  >Consent<span class=\"gfield_required\"><span class=\"gfield_required gfield_required_asterisk\">*<\/span><\/span><\/legend><div class='ginput_container ginput_container_checkbox'><div class='gfield_checkbox' id='input_1_6'><div class='gchoice gchoice_1_6_1'>\n\t\t\t\t\t\t\t\t<input class='gfield-choice-input' name='input_6.1' type='checkbox'  value='I have read and accept the&lt;a href=&quot;https:\/\/retreatsvalencia.com\/privacy-policy\/&quot;&gt; Privacy Policy&lt;\/a&gt; of this site'  id='choice_1_6_1'   \/>\n\t\t\t\t\t\t\t\t<label for='choice_1_6_1' id='label_1_6_1' class='gform-field-label gform-field-label--type-inline'>I have read and accept the<a href=\"https:\/\/retreatsvalencia.com\/privacy-policy\/\"> Privacy Policy<\/a> of this site<\/label>\n\t\t\t\t\t\t\t<\/div><\/div><\/div><\/fieldset><div id=\"field_1_7\"  class=\"gfield gfield--type-captcha gfield--width-full field_sublabel_below gfield--no-description field_description_below gfield_visibility_visible\"  data-js-reload=\"field_1_7\"><label class='gfield_label gform-field-label' for='input_1_7' >CAPTCHA<\/label><div id='input_1_7' class='ginput_container ginput_recaptcha' data-sitekey='6Lfl8OYnAAAAALYmGb3T9Yr2z_R2gxAw_umukW1N'  data-theme='light' data-tabindex='0'  data-badge=''><\/div><\/div><\/div><\/div>\n        <div class='gform_footer top_label'> <input type='submit' id='gform_submit_button_1' class='gform_button button' value='Submit'  onclick='if(window[\"gf_submitting_1\"]){return false;}  if( !jQuery(\"#gform_1\")[0].checkValidity || jQuery(\"#gform_1\")[0].checkValidity()){window[\"gf_submitting_1\"]=true;}  ' onkeypress='if( event.keyCode == 13 ){ if(window[\"gf_submitting_1\"]){return false;} if( !jQuery(\"#gform_1\")[0].checkValidity || jQuery(\"#gform_1\")[0].checkValidity()){window[\"gf_submitting_1\"]=true;}  jQuery(\"#gform_1\").trigger(\"submit\",[true]); }' \/> \n            <input type='hidden' class='gform_hidden' name='is_submit_1' value='1' \/>\n            <input type='hidden' class='gform_hidden' name='gform_submit' value='1' \/>\n            \n            <input type='hidden' class='gform_hidden' name='gform_unique_id' value='' \/>\n            <input type='hidden' class='gform_hidden' name='state_1' value='WyJ7XCI2LjFcIjpcImM5NmM3YWM4MDM1ZThhZjVjOTk4MDY1MDgyNWJlMDE4XCJ9IiwiMDczMDQ0MDhmOTNmNWJhYjM3ZTdiZWNkYTI3NWM0MWQiXQ==' \/>\n            <input type='hidden' class='gform_hidden' name='gform_target_page_number_1' id='gform_target_page_number_1' value='0' \/>\n            <input type='hidden' class='gform_hidden' name='gform_source_page_number_1' id='gform_source_page_number_1' value='1' \/>\n            <input type='hidden' name='gform_field_values' value='' \/>\n            \n        <\/div>\n                        <\/form>\n                        <\/div><script>\ngform.initializeOnLoaded( function() {gformInitSpinner( 1, 'https:\/\/retreatsvalencia.com\/wp-content\/plugins\/gravityforms\/images\/spinner.svg', true );jQuery('#gform_ajax_frame_1').on('load',function(){var contents = jQuery(this).contents().find('*').html();var is_postback = contents.indexOf('GF_AJAX_POSTBACK') >= 0;if(!is_postback){return;}var form_content = jQuery(this).contents().find('#gform_wrapper_1');var is_confirmation = jQuery(this).contents().find('#gform_confirmation_wrapper_1').length > 0;var is_redirect = contents.indexOf('gformRedirect(){') >= 0;var is_form = form_content.length > 0 && ! is_redirect && ! is_confirmation;var mt = parseInt(jQuery('html').css('margin-top'), 10) + parseInt(jQuery('body').css('margin-top'), 10) + 100;if(is_form){jQuery('#gform_wrapper_1').html(form_content.html());if(form_content.hasClass('gform_validation_error')){jQuery('#gform_wrapper_1').addClass('gform_validation_error');} else {jQuery('#gform_wrapper_1').removeClass('gform_validation_error');}setTimeout( function() { \/* delay the scroll by 50 milliseconds to fix a bug in chrome *\/  }, 50 );if(window['gformInitDatepicker']) {gformInitDatepicker();}if(window['gformInitPriceFields']) {gformInitPriceFields();}var current_page = jQuery('#gform_source_page_number_1').val();gformInitSpinner( 1, 'https:\/\/retreatsvalencia.com\/wp-content\/plugins\/gravityforms\/images\/spinner.svg', true );jQuery(document).trigger('gform_page_loaded', [1, current_page]);window['gf_submitting_1'] = false;}else if(!is_redirect){var confirmation_content = jQuery(this).contents().find('.GF_AJAX_POSTBACK').html();if(!confirmation_content){confirmation_content = contents;}setTimeout(function(){jQuery('#gform_wrapper_1').replaceWith(confirmation_content);jQuery(document).trigger('gform_confirmation_loaded', [1]);window['gf_submitting_1'] = false;wp.a11y.speak(jQuery('#gform_confirmation_message_1').text());}, 50);}else{jQuery('#gform_1').append(contents);if(window['gformRedirect']) {gformRedirect();}}jQuery(document).trigger('gform_post_render', [1, current_page]);gform.utils.trigger({ event: 'gform\/postRender', native: false, data: { formId: 1, currentPage: current_page } });} );} );\n<\/script>\n<\/div>\n\t\t\t\t\t\t<\/div>\n\t\t\t\t<\/div>\n\t\t\t\t<div class=\"elementor-element elementor-element-4646261 elementor-widget elementor-widget-toggle\" data-id=\"4646261\" data-element_type=\"widget\" data-widget_type=\"toggle.default\">\n\t\t\t\t<div class=\"elementor-widget-container\">\n\t\t\t\t\t\t\t<div class=\"elementor-toggle\">\n\t\t\t\t\t\t\t<div class=\"elementor-toggle-item\">\n\t\t\t\t\t<div id=\"elementor-tab-title-7361\" class=\"elementor-tab-title\" data-tab=\"1\" role=\"button\" aria-controls=\"elementor-tab-content-7361\" aria-expanded=\"false\">\n\t\t\t\t\t\t\t\t\t\t\t\t<span class=\"elementor-toggle-icon elementor-toggle-icon-left\" aria-hidden=\"true\">\n\t\t\t\t\t\t\t\t\t\t\t\t\t\t\t<span class=\"elementor-toggle-icon-closed\"><i class=\"fas fa-caret-right\"><\/i><\/span>\n\t\t\t\t\t\t\t\t<span class=\"elementor-toggle-icon-opened\"><i class=\"elementor-toggle-icon-opened fas fa-caret-up\"><\/i><\/span>\n\t\t\t\t\t\t\t\t\t\t\t\t\t<\/span>\n\t\t\t\t\t\t\t\t\t\t\t\t<a class=\"elementor-toggle-title\" tabindex=\"0\">Informaci\u00f3n b\u00e1sica sobre protecci\u00f3n de datos<\/a>\n\t\t\t\t\t<\/div>\n\n\t\t\t\t\t<div id=\"elementor-tab-content-7361\" class=\"elementor-tab-content elementor-clearfix\" data-tab=\"1\" role=\"region\" aria-labelledby=\"elementor-tab-title-7361\"><table>\n<tbody>\n<tr>\n<td>Responsable<\/td>\n<td>VORTEX COWORKING SL<\/td>\n<\/tr>\n<tr>\n<td>Prop\u00f3sito<\/td>\n<td>Responder a las solicitudes y\/o compras realizadas por tel\u00e9fono, correo electr\u00f3nico, a trav\u00e9s del formulario del sitio web Wwww.retreatsvalencia.com\/. Para incluir sus datos en nuestra agenda de contactos, planificar y concertar citas y suscribirse a nuestro bolet\u00edn.<\/td>\n<\/tr>\n<tr>\n<td>Legitimaci\u00f3n<\/td>\n<td>Consentimiento del interesado.<\/td>\n<\/tr>\n<tr>\n<td>Destinatarios<\/td>\n<td>Entidades colaboradoras a efectos administrativos y de ejecuci\u00f3n de su solicitud.<\/td>\n<\/tr>\n<tr>\n<td>Derechos<\/td>\n<td>\n<p>Usted tiene derecho de acceso, rectificaci\u00f3n y supresi\u00f3n de datos, as\u00ed como otros derechos<\/p>\n<p>as\u00ed como otros derechos, como se explica en la informaci\u00f3n adicional.<\/p>\n<\/td>\n<\/tr>\n<tr>\n<td>Informaci\u00f3n complementaria<\/td>\n<td>\n<p>Puede consultar la informaci\u00f3n adicional y detallada<\/p>\n<p>sobre Protecci\u00f3n de Datos en el siguiente <a href=\"https:\/\/retreatsvalencia.com\/es\/politica-de-privacidad\/\">ENLACE<\/a><\/p>\n<\/td>\n<\/tr>\n<\/tbody>\n<\/table>\n<\/div>\n\t\t\t\t<\/div>\n\t\t\t\t\t\t\t\t<\/div>\n\t\t\t\t\t\t<\/div>\n\t\t\t\t<\/div>\n\t\t\t\t\t<\/div>\n\t\t<\/div>\n\t\t\t\t\t<\/div>\n\t\t<\/section>\n\t\t\t\t<\/div>\n\t\t","protected":false},"excerpt":{"rendered":"<p>Contacta con nosotros Informaci\u00f3n b\u00e1sica sobre protecci\u00f3n de datos Responsable VORTEX COWORKING SL Prop\u00f3sito Responder a las solicitudes y\/o compras realizadas por tel\u00e9fono, correo electr\u00f3nico, a trav\u00e9s del formulario del sitio web Wwww.retreatsvalencia.com\/. Para incluir sus datos en nuestra agenda de contactos, planificar y concertar citas y suscribirse a nuestro bolet\u00edn. Legitimaci\u00f3n Consentimiento del interesado. &#8230; <a title=\"Contacto\" class=\"read-more\" href=\"https:\/\/retreatsvalencia.com\/es\/pongase-en-contacto-con\/\" aria-label=\"M\u00e1s en Contacto\">Leer m\u00e1s<\/a><\/p>\n","protected":false},"author":4,"featured_media":0,"parent":0,"menu_order":0,"comment_status":"closed","ping_status":"closed","template":"elementor_header_footer","meta":{"footnotes":""},"class_list":["post-977","page","type-page","status-publish"],"yoast_head":"<!-- This site is optimized with the Yoast SEO plugin v21.3 - https:\/\/yoast.com\/wordpress\/plugins\/seo\/ -->\n<title>Contacto - Retreats Valencia<\/title>\n<meta name=\"robots\" content=\"index, follow, max-snippet:-1, max-image-preview:large, max-video-preview:-1\" \/>\n<link rel=\"canonical\" href=\"https:\/\/retreatsvalencia.com\/es\/pongase-en-contacto-con\/\" \/>\n<meta property=\"og:locale\" content=\"es_ES\" \/>\n<meta property=\"og:type\" content=\"article\" \/>\n<meta property=\"og:title\" content=\"Contacto - Retreats Valencia\" \/>\n<meta property=\"og:description\" content=\"Contacta con nosotros Informaci\u00f3n b\u00e1sica sobre protecci\u00f3n de datos Responsable VORTEX COWORKING SL Prop\u00f3sito Responder a las solicitudes y\/o compras realizadas por tel\u00e9fono, correo electr\u00f3nico, a trav\u00e9s del formulario del sitio web Wwww.retreatsvalencia.com\/. Para incluir sus datos en nuestra agenda de contactos, planificar y concertar citas y suscribirse a nuestro bolet\u00edn. Legitimaci\u00f3n Consentimiento del interesado. ... Leer m\u00e1s\" \/>\n<meta property=\"og:url\" content=\"https:\/\/retreatsvalencia.com\/es\/pongase-en-contacto-con\/\" \/>\n<meta property=\"og:site_name\" content=\"Retreats Valencia\" \/>\n<meta property=\"article:publisher\" content=\"https:\/\/www.facebook.com\/vortexcoworking\" \/>\n<meta property=\"article:modified_time\" content=\"2024-09-24T11:41:44+00:00\" \/>\n<meta name=\"twitter:card\" content=\"summary_large_image\" \/>\n<meta name=\"twitter:label1\" content=\"Tiempo de lectura\" \/>\n\t<meta name=\"twitter:data1\" content=\"1 minuto\" \/>\n<script type=\"application\/ld+json\" class=\"yoast-schema-graph\">{\"@context\":\"https:\/\/schema.org\",\"@graph\":[{\"@type\":\"WebPage\",\"@id\":\"https:\/\/retreatsvalencia.com\/es\/pongase-en-contacto-con\/\",\"url\":\"https:\/\/retreatsvalencia.com\/es\/pongase-en-contacto-con\/\",\"name\":\"Contacto - Retreats Valencia\",\"isPartOf\":{\"@id\":\"https:\/\/retreatsvalencia.com\/es\/#website\"},\"datePublished\":\"2023-08-29T08:15:56+00:00\",\"dateModified\":\"2024-09-24T11:41:44+00:00\",\"breadcrumb\":{\"@id\":\"https:\/\/retreatsvalencia.com\/es\/pongase-en-contacto-con\/#breadcrumb\"},\"inLanguage\":\"es\",\"potentialAction\":[{\"@type\":\"ReadAction\",\"target\":[\"https:\/\/retreatsvalencia.com\/es\/pongase-en-contacto-con\/\"]}]},{\"@type\":\"BreadcrumbList\",\"@id\":\"https:\/\/retreatsvalencia.com\/es\/pongase-en-contacto-con\/#breadcrumb\",\"itemListElement\":[{\"@type\":\"ListItem\",\"position\":1,\"name\":\"Portada\",\"item\":\"https:\/\/retreatsvalencia.com\/es\/\"},{\"@type\":\"ListItem\",\"position\":2,\"name\":\"Contacto\"}]},{\"@type\":\"WebSite\",\"@id\":\"https:\/\/retreatsvalencia.com\/es\/#website\",\"url\":\"https:\/\/retreatsvalencia.com\/es\/\",\"name\":\"Retreats Valencia\",\"description\":\"Proffesional retreats in Valencia\",\"publisher\":{\"@id\":\"https:\/\/retreatsvalencia.com\/es\/#organization\"},\"potentialAction\":[{\"@type\":\"SearchAction\",\"target\":{\"@type\":\"EntryPoint\",\"urlTemplate\":\"https:\/\/retreatsvalencia.com\/es\/?s={search_term_string}\"},\"query-input\":\"required name=search_term_string\"}],\"inLanguage\":\"es\"},{\"@type\":\"Organization\",\"@id\":\"https:\/\/retreatsvalencia.com\/es\/#organization\",\"name\":\"Retreats Valencia\",\"url\":\"https:\/\/retreatsvalencia.com\/es\/\",\"logo\":{\"@type\":\"ImageObject\",\"inLanguage\":\"es\",\"@id\":\"https:\/\/retreatsvalencia.com\/es\/#\/schema\/logo\/image\/\",\"url\":\"https:\/\/retreatsvalencia.com\/wp-content\/uploads\/2023\/09\/cropped-logo-transparente-negro-vortex.webp\",\"contentUrl\":\"https:\/\/retreatsvalencia.com\/wp-content\/uploads\/2023\/09\/cropped-logo-transparente-negro-vortex.webp\",\"width\":591,\"height\":119,\"caption\":\"Retreats Valencia\"},\"image\":{\"@id\":\"https:\/\/retreatsvalencia.com\/es\/#\/schema\/logo\/image\/\"},\"sameAs\":[\"https:\/\/www.facebook.com\/vortexcoworking\",\"https:\/\/www.instagram.com\/vortexcoworking\/\",\"https:\/\/www.youtube.com\/channel\/UCZP-swQ-vNAxRSGFFw8dgtQ\"]}]}<\/script>\n<!-- \/ Yoast SEO plugin. -->","yoast_head_json":{"title":"Contacto - Retreats Valencia","robots":{"index":"index","follow":"follow","max-snippet":"max-snippet:-1","max-image-preview":"max-image-preview:large","max-video-preview":"max-video-preview:-1"},"canonical":"https:\/\/retreatsvalencia.com\/es\/pongase-en-contacto-con\/","og_locale":"es_ES","og_type":"article","og_title":"Contacto - Retreats Valencia","og_description":"Contacta con nosotros Informaci\u00f3n b\u00e1sica sobre protecci\u00f3n de datos Responsable VORTEX COWORKING SL Prop\u00f3sito Responder a las solicitudes y\/o compras realizadas por tel\u00e9fono, correo electr\u00f3nico, a trav\u00e9s del formulario del sitio web Wwww.retreatsvalencia.com\/. Para incluir sus datos en nuestra agenda de contactos, planificar y concertar citas y suscribirse a nuestro bolet\u00edn. Legitimaci\u00f3n Consentimiento del interesado. ... Leer m\u00e1s","og_url":"https:\/\/retreatsvalencia.com\/es\/pongase-en-contacto-con\/","og_site_name":"Retreats Valencia","article_publisher":"https:\/\/www.facebook.com\/vortexcoworking","article_modified_time":"2024-09-24T11:41:44+00:00","twitter_card":"summary_large_image","twitter_misc":{"Tiempo de lectura":"1 minuto"},"schema":{"@context":"https:\/\/schema.org","@graph":[{"@type":"WebPage","@id":"https:\/\/retreatsvalencia.com\/es\/pongase-en-contacto-con\/","url":"https:\/\/retreatsvalencia.com\/es\/pongase-en-contacto-con\/","name":"Contacto - Retreats Valencia","isPartOf":{"@id":"https:\/\/retreatsvalencia.com\/es\/#website"},"datePublished":"2023-08-29T08:15:56+00:00","dateModified":"2024-09-24T11:41:44+00:00","breadcrumb":{"@id":"https:\/\/retreatsvalencia.com\/es\/pongase-en-contacto-con\/#breadcrumb"},"inLanguage":"es","potentialAction":[{"@type":"ReadAction","target":["https:\/\/retreatsvalencia.com\/es\/pongase-en-contacto-con\/"]}]},{"@type":"BreadcrumbList","@id":"https:\/\/retreatsvalencia.com\/es\/pongase-en-contacto-con\/#breadcrumb","itemListElement":[{"@type":"ListItem","position":1,"name":"Portada","item":"https:\/\/retreatsvalencia.com\/es\/"},{"@type":"ListItem","position":2,"name":"Contacto"}]},{"@type":"WebSite","@id":"https:\/\/retreatsvalencia.com\/es\/#website","url":"https:\/\/retreatsvalencia.com\/es\/","name":"Retreats Valencia","description":"Proffesional retreats in Valencia","publisher":{"@id":"https:\/\/retreatsvalencia.com\/es\/#organization"},"potentialAction":[{"@type":"SearchAction","target":{"@type":"EntryPoint","urlTemplate":"https:\/\/retreatsvalencia.com\/es\/?s={search_term_string}"},"query-input":"required name=search_term_string"}],"inLanguage":"es"},{"@type":"Organization","@id":"https:\/\/retreatsvalencia.com\/es\/#organization","name":"Retreats Valencia","url":"https:\/\/retreatsvalencia.com\/es\/","logo":{"@type":"ImageObject","inLanguage":"es","@id":"https:\/\/retreatsvalencia.com\/es\/#\/schema\/logo\/image\/","url":"https:\/\/retreatsvalencia.com\/wp-content\/uploads\/2023\/09\/cropped-logo-transparente-negro-vortex.webp","contentUrl":"https:\/\/retreatsvalencia.com\/wp-content\/uploads\/2023\/09\/cropped-logo-transparente-negro-vortex.webp","width":591,"height":119,"caption":"Retreats Valencia"},"image":{"@id":"https:\/\/retreatsvalencia.com\/es\/#\/schema\/logo\/image\/"},"sameAs":["https:\/\/www.facebook.com\/vortexcoworking","https:\/\/www.instagram.com\/vortexcoworking\/","https:\/\/www.youtube.com\/channel\/UCZP-swQ-vNAxRSGFFw8dgtQ"]}]}},"_links":{"self":[{"href":"https:\/\/retreatsvalencia.com\/es\/wp-json\/wp\/v2\/pages\/977","targetHints":{"allow":["GET"]}}],"collection":[{"href":"https:\/\/retreatsvalencia.com\/es\/wp-json\/wp\/v2\/pages"}],"about":[{"href":"https:\/\/retreatsvalencia.com\/es\/wp-json\/wp\/v2\/types\/page"}],"author":[{"embeddable":true,"href":"https:\/\/retreatsvalencia.com\/es\/wp-json\/wp\/v2\/users\/4"}],"replies":[{"embeddable":true,"href":"https:\/\/retreatsvalencia.com\/es\/wp-json\/wp\/v2\/comments?post=977"}],"version-history":[{"count":10,"href":"https:\/\/retreatsvalencia.com\/es\/wp-json\/wp\/v2\/pages\/977\/revisions"}],"predecessor-version":[{"id":1227,"href":"https:\/\/retreatsvalencia.com\/es\/wp-json\/wp\/v2\/pages\/977\/revisions\/1227"}],"wp:attachment":[{"href":"https:\/\/retreatsvalencia.com\/es\/wp-json\/wp\/v2\/media?parent=977"}],"curies":[{"name":"wp","href":"https:\/\/api.w.org\/{rel}","templated":true}]}}