{"id":978,"date":"2023-08-02T10:00:46","date_gmt":"2023-08-02T10:00:46","guid":{"rendered":"https:\/\/retreatsvalencia.com\/politica-de-privacidad\/"},"modified":"2023-10-11T12:35:47","modified_gmt":"2023-10-11T12:35:47","slug":"politica-de-privacidad","status":"publish","type":"page","link":"https:\/\/retreatsvalencia.com\/es\/politica-de-privacidad\/","title":{"rendered":"Pol\u00edtica de privacidad"},"content":{"rendered":"\t\t<div data-elementor-type=\"wp-page\" data-elementor-id=\"978\" class=\"elementor elementor-978 elementor-3\" data-elementor-post-type=\"page\">\n\t\t\t\t\t\t<section class=\"elementor-section elementor-top-section elementor-element elementor-element-ffdb1d6 elementor-section-boxed elementor-section-height-default elementor-section-height-default\" data-id=\"ffdb1d6\" data-element_type=\"section\">\n\t\t\t\t\t\t<div class=\"elementor-container elementor-column-gap-default\">\n\t\t\t\t\t<div class=\"elementor-column elementor-col-100 elementor-top-column elementor-element elementor-element-67fea18b\" data-id=\"67fea18b\" data-element_type=\"column\">\n\t\t\t<div class=\"elementor-widget-wrap elementor-element-populated\">\n\t\t\t\t\t\t<div class=\"elementor-element elementor-element-6c78191 elementor-widget elementor-widget-heading\" data-id=\"6c78191\" data-element_type=\"widget\" data-widget_type=\"heading.default\">\n\t\t\t\t<div class=\"elementor-widget-container\">\n\t\t\t\t\t<p class=\"elementor-heading-title elementor-size-default\">Pol\u00edtica de privacidad<\/p>\t\t\t\t<\/div>\n\t\t\t\t<\/div>\n\t\t\t\t<div class=\"elementor-element elementor-element-73a37a16 elementor-widget elementor-widget-text-editor\" data-id=\"73a37a16\" data-element_type=\"widget\" data-widget_type=\"text-editor.default\">\n\t\t\t\t<div class=\"elementor-widget-container\">\n\t\t\t\t\t\t\t\t\t<p>VORTEX COWORKING SL, con CIF B02912467 y direcci\u00f3n calle Sorn\u00ed 12, 46004 Valencia, titular del website (desde ahora, VORTEX COWORKING) https:\/\/vortexcoworking.es\/ (desde ahora, \u00abwebsite\u00bb), garantiza la protecci\u00f3n de todos los datos de car\u00e1cter personal que proporcione el usuario en el mismo. En cumplimiento de lo establecido en la Ley Org\u00e1nica 15\/1999, de 13 de diciembre, de Protecci\u00f3n de Datos de Car\u00e1cter Personal, as\u00ed como lo dispuesto en y el Reglamento (UE) 2016\/679 del Parlamento Europeo y del Consejo.<\/p>\n<p>A tenor de lo establecido en el p\u00e1rrafo anterior, se le informa de que:<\/p>\n<ol>\n<li>En cumplimiento de lo establecido en la <a href=\"http:\/\/noticias.juridicas.com\/base_datos\/Admin\/lo15-1999.html\">\n  <strong>Ley Org\u00e1nica 15\/1999, el 13 de diciembre, de Protecci\u00f3n de Datos de Car\u00e1cter Personal<\/strong>\n<\/a> y el <strong>RD 1720\/2007 de 21 de diciembre<\/strong>  le informamos que mediante la cumplimentaci\u00f3n del presente formulario est\u00e1s dando el consentimiento expreso, as\u00ed como de todos los datos de car\u00e1cter personal que proporcione el usuario en el website , a que \u00e9stos queden incorporados y sean tratados en un registro de actividades de tratamiento de datos personales al efecto y mantenido bajo la responsabilidad de VORTEX COWORKING.<\/li>\n<li><strong>\u00bfQui\u00e9n es el responsable de tratamiento de sus datos?<\/strong>\n<ul>\n<li>Identidad: VORTEX COWORKING<\/li>\n<li>Correo electr\u00f3nico: <a href=\"mailto:info@vortexcoworking.es\">hola@vortexcoworking.es<\/a><\/li>\n<\/ul>\n<\/li>\n<\/ol>\n<ol start=\"3\">\n<li><strong>\u00bfCon qu\u00e9 finalidades se recaban los datos? \u00bfPor cu\u00e1nto tiempo conservaremos sus datos?<\/strong>\n<ul>\n<li><strong>Atender, gestionar y resolver las consultas, preguntas, propuestas, petici\u00f3n de presupuestos y cualquier otra informaci\u00f3n requerida por el interesado <\/strong>(formulario de contacto). El tiempo de conservaci\u00f3n ser\u00e1 mientras dure el tratamiento para la gesti\u00f3n de las consultas.<\/li>\n<li>Mediante el formulario de contacto se procede a la <strong>recogida y tratamiento automatizado de los datos personales como consecuencia de la consulta, solicitud o suscripci\u00f3n de cualquier servicio\/s de los ofrecidos por el propietario del website . <\/strong> El tiempo de conservaci\u00f3n ser\u00e1 mientras dure el tratamiento, salvo que el usuario ejerza sus derechos de cancelaci\u00f3n antes.<\/li>\n<li><strong>Relaci\u00f3n comercial con el cliente<\/strong>. El tiempo de conservaci\u00f3n ser\u00e1 el necesario para el tratamiento. Contratos y facturas cinco y diez a\u00f1os, respectivamente.<\/li>\n<li><strong>Recogida y tratamiento automatizado de los datos personales, <\/strong>como consecuencia de la navegaci\u00f3n por las p\u00e1ginas del website (puede ver m\u00e1s abajo la pol\u00edtica de cookies).<\/li>\n<li><strong>Env\u00edo por medios electr\u00f3nicos de informaci\u00f3n de publicidad, noticias y novedades relacionadas con los productos y servicios del website <\/strong>(formulario de suscripci\u00f3n a newsletter). El tiempo de conservaci\u00f3n es mientras dure el tratamiento, salvo que el usuario ejerza sus derechos de cancelaci\u00f3n antes.<\/li>\n<\/ul>\n<\/li>\n<li><strong>\u00bfCu\u00e1l es la base legal para el tratamiento de datos?<\/strong><br>El tratamiento de datos personales que lleva a cabo VORTEX COWORKING, a trav\u00e9s de su website, tiene como base legal <strong>el consentimiento. <\/strong>Dicho consentimiento del interesado es <strong>expreso, libre, espec\u00edfico, informado e inequ\u00edvoco<\/strong>. En la recogida y el tratamiento de los datos de car\u00e1cter personal se han adoptado las medidas de seguridad adecuadas para evitar la p\u00e9rdida, el acceso no autorizado o la manipulaci\u00f3n de los mismos, de acuerdo con lo establecido en el Real Decreto 1720\/2007, de 21 de diciembre. VORTEX COWORKING se compromete a proteger la informaci\u00f3n confidencial a la que tenga acceso.<\/li>\n<li><strong>\u00bfA qu\u00e9 destinatarios de comunicar\u00e1n tus datos? VORTEX COWORKING se compromete a que, estos datos personales no ser\u00e1n compartidos o cedidos a terceros sin el consentimiento expreso de los usuarios.<\/strong>  La prestaci\u00f3n de ciertos servicios, sin embargo, puede requerir de transferencias de datos a terceros pa\u00edses o entidades para la gesti\u00f3n de infraestructuras o la provisi\u00f3n de servicios, como por ejemplo, la gesti\u00f3n de los boletines electr\u00f3nicos. En estos casos, se garantiza su alojamiento en pa\u00edses de la Uni\u00f3n Europea (y por tanto el cumplimiento del Reglamento General de Protecci\u00f3n de Datos europeo) o que est\u00e9n acogidos al acuerdo EU-US Privacy Shield, aprobado por el Comit\u00e9 Europeo de Protecci\u00f3n de Datos (consulta la informaci\u00f3n aqu\u00ed:  <a href=\"https:\/\/www.privacyshield.gov\/list\" target=\"_blank\" rel=\"noopener noreferrer\">https:\/\/www.privacyshield.gov\/list<\/a>). Este es el caso de Mailchimp, proveedor para la gesti\u00f3n de env\u00edos de correo electr\u00f3nico. Los datos se comunicar\u00e1n a otras entidades del titular.  <strong>En ning\u00fan caso la transferencia de esos datos implicar\u00e1 un uso que exceda el consentimiento expresado a los fines y condiciones presentes en esta pol\u00edtica de privacidad.<\/strong><\/li>\n<li>En caso de facilitarnos datos de car\u00e1cter personal de otras personas sin indicar este hecho a VORTEX COWORKING, lo hace con su consentimiento expreso y habiendo sido informado, con car\u00e1cter previo, de los extremos contenidos en esta cl\u00e1usula. Del mismo modo, rogamos nos comunique cualquier variaci\u00f3n que pueda darse en los datos facilitados. VORTEX COWORKING no se hace responsable de la cesi\u00f3n de datos de terceros que no hayan prestado su consentimiento ni tengan conocimiento de los contenidos de la presente cl\u00e1usula, siendo responsabilidad de la persona que ceda dichos datos al titular del website.<\/li>\n<li>En caso de no facilitar los datos requeridos, los servicios de la p\u00e1gina web podr\u00edan no estar disponibles en su totalidad. El hecho de no facilitar el correo electr\u00f3nico, requisito para la suscripci\u00f3n a la newsletter, o su incorrecta transcripci\u00f3n en el formulario, impedir\u00eda realizar las comunicaciones que constituyen su finalidad (al no poderlas recibir el usuario). De no facilitar los datos requeridos en el formulario de contacto (nombre, email, asunto y mensaje), no se podr\u00edan llevar a cabo de forma satisfactoria los servicios solicitados. La negaci\u00f3n a aceptar la pol\u00edtica de cookies podr\u00eda suponer la p\u00e9rdida de funcionalidades de la p\u00e1gina web.<\/li>\n<li>El Usuario certifica que es mayor de 14 a\u00f1os y que por lo tanto posee la capacidad legal necesaria para la prestaci\u00f3n del consentimiento en cuenta al tratamiento de sus datos de car\u00e1cter personal y todo ello, de conformidad con lo establecido en la presente Pol\u00edtica de Privacidad.<\/li>\n<li>El Usuario cuenta, en todo momento, con la posibilidad de ejercitar los derechos de acceso, rectificaci\u00f3n, cancelaci\u00f3n y oposici\u00f3n sobre sus datos personales enviando comunicaci\u00f3n dirigida al propietario del website a la direcci\u00f3n de correo electr\u00f3nico <u>hola@vortexcoworking.es<\/u><\/li>\n<li>El interesado tiene derecho a recibir los datos personales que le conciernen, que haya facilitado a un responsable del tratamiento, en un formato estructurado, de uso com\u00fan y legible por m\u00e1quina y tiene derecho a transmitir dichos datos a otro responsable del tratamiento sin impedimentos del responsable del tratamiento al que haya facilitado los datos<\/li>\n<li>En determinadas circunstancias, los interesados podr\u00e1n solicitar la limitaci\u00f3n del tratamiento de sus datos, en cuyo caso \u00fanicamente los conservaremos para el ejercicio o la defensa de reclamaciones.<\/li>\n<li>En el caso de que se haya otorgado el consentimiento para alguna finalidad espec\u00edfica, tiene derecho a retirar el consentimiento en cualquier momento, sin que ello afecte a la licitud del tratamiento basado en el consentimiento previo a su retirada.<\/li>\n<li>Los interesados pueden presentar una reclamaci\u00f3n ante la Autoridad de Control en materia de Protecci\u00f3n de Datos competente cuando no hayan obtenido satisfacci\u00f3n en el ejercicio de sus derechos.<\/li>\n<li>El consentimiento expreso manifestado al rellenar el formulario de inscripci\u00f3n, comprende tambi\u00e9n lo siguiente:\n<ul>\n<li>VORTEX COWORKING se reserva el derecho a subcontratar a empleados para la prestaci\u00f3n de servicios de diversa \u00edndole para el conveniente desarrollo y organizaci\u00f3n de la actividad del website.<\/li>\n<li>Del mismo modo, se reserva el derecho a contratar a terceros para el tratamiento y gesti\u00f3n de las cuestiones de \u00e1mbito legislativo en general y, de lo relativo a protecci\u00f3n de datos en concreto. En todos estos casos, VORTEX COWORKING, obligar\u00e1 a la empresa contratada y\/o profesional particular y a los encargados de la gesti\u00f3n del tratamiento de los datos personales cedidos, a firmar un documento de confidencialidad de datos personales para asegurar la privacidad de esta informaci\u00f3n.<\/li>\n<li>El usuario consiente en que se cedan sus datos personales cuando as\u00ed sea requerido por las Autoridades administrativas competentes o por mandato judicial.<\/li>\n<\/ul>\n<\/li>\n<li>El Usuario autoriza al tratamiento de los datos personales cedidos a VORTEX COWORKING en los t\u00e9rminos establecidos en la presente cl\u00e1usula.<\/li>\n<\/ol>\t\t\t\t\t\t\t\t<\/div>\n\t\t\t\t<\/div>\n\t\t\t\t\t<\/div>\n\t\t<\/div>\n\t\t\t\t\t<\/div>\n\t\t<\/section>\n\t\t\t\t<\/div>\n\t\t","protected":false},"excerpt":{"rendered":"<p>Pol\u00edtica de privacidad VORTEX COWORKING SL, con CIF B02912467 y direcci\u00f3n calle Sorn\u00ed 12, 46004 Valencia, titular del website (desde ahora, VORTEX COWORKING) https:\/\/vortexcoworking.es\/ (desde ahora, \u00abwebsite\u00bb), garantiza la protecci\u00f3n de todos los datos de car\u00e1cter personal que proporcione el usuario en el mismo. En cumplimiento de lo establecido en la Ley Org\u00e1nica 15\/1999, de &#8230; <a title=\"Pol\u00edtica de privacidad\" class=\"read-more\" href=\"https:\/\/retreatsvalencia.com\/es\/politica-de-privacidad\/\" aria-label=\"M\u00e1s en Pol\u00edtica de privacidad\">Leer m\u00e1s<\/a><\/p>\n","protected":false},"author":1,"featured_media":0,"parent":0,"menu_order":0,"comment_status":"closed","ping_status":"open","template":"elementor_header_footer","meta":{"footnotes":""},"class_list":["post-978","page","type-page","status-publish"],"yoast_head":"<!-- This site is optimized with the Yoast SEO plugin v21.3 - https:\/\/yoast.com\/wordpress\/plugins\/seo\/ -->\n<title>Pol\u00edtica de privacidad - Retreats Valencia<\/title>\n<meta name=\"robots\" content=\"noindex, nofollow\" \/>\n<meta property=\"og:locale\" content=\"es_ES\" \/>\n<meta property=\"og:type\" content=\"article\" \/>\n<meta property=\"og:title\" content=\"Pol\u00edtica de privacidad - Retreats Valencia\" \/>\n<meta property=\"og:description\" content=\"Pol\u00edtica de privacidad VORTEX COWORKING SL, con CIF B02912467 y direcci\u00f3n calle Sorn\u00ed 12, 46004 Valencia, titular del website (desde ahora, VORTEX COWORKING) https:\/\/vortexcoworking.es\/ (desde ahora, \u00abwebsite\u00bb), garantiza la protecci\u00f3n de todos los datos de car\u00e1cter personal que proporcione el usuario en el mismo. En cumplimiento de lo establecido en la Ley Org\u00e1nica 15\/1999, de ... Leer m\u00e1s\" \/>\n<meta property=\"og:url\" content=\"https:\/\/retreatsvalencia.com\/es\/politica-de-privacidad\/\" \/>\n<meta property=\"og:site_name\" content=\"Retreats Valencia\" \/>\n<meta property=\"article:publisher\" content=\"https:\/\/www.facebook.com\/vortexcoworking\" \/>\n<meta property=\"article:modified_time\" content=\"2023-10-11T12:35:47+00:00\" \/>\n<meta name=\"twitter:card\" content=\"summary_large_image\" \/>\n<meta name=\"twitter:label1\" content=\"Tiempo de lectura\" \/>\n\t<meta name=\"twitter:data1\" content=\"7 minutos\" \/>\n<script type=\"application\/ld+json\" class=\"yoast-schema-graph\">{\"@context\":\"https:\/\/schema.org\",\"@graph\":[{\"@type\":\"WebPage\",\"@id\":\"https:\/\/retreatsvalencia.com\/es\/politica-de-privacidad\/\",\"url\":\"https:\/\/retreatsvalencia.com\/es\/politica-de-privacidad\/\",\"name\":\"Pol\u00edtica de privacidad - Retreats Valencia\",\"isPartOf\":{\"@id\":\"https:\/\/retreatsvalencia.com\/es\/#website\"},\"datePublished\":\"2023-08-02T10:00:46+00:00\",\"dateModified\":\"2023-10-11T12:35:47+00:00\",\"breadcrumb\":{\"@id\":\"https:\/\/retreatsvalencia.com\/es\/politica-de-privacidad\/#breadcrumb\"},\"inLanguage\":\"es\",\"potentialAction\":[{\"@type\":\"ReadAction\",\"target\":[\"https:\/\/retreatsvalencia.com\/es\/politica-de-privacidad\/\"]}]},{\"@type\":\"BreadcrumbList\",\"@id\":\"https:\/\/retreatsvalencia.com\/es\/politica-de-privacidad\/#breadcrumb\",\"itemListElement\":[{\"@type\":\"ListItem\",\"position\":1,\"name\":\"Portada\",\"item\":\"https:\/\/retreatsvalencia.com\/es\/\"},{\"@type\":\"ListItem\",\"position\":2,\"name\":\"Pol\u00edtica de privacidad\"}]},{\"@type\":\"WebSite\",\"@id\":\"https:\/\/retreatsvalencia.com\/es\/#website\",\"url\":\"https:\/\/retreatsvalencia.com\/es\/\",\"name\":\"Retreats Valencia\",\"description\":\"Proffesional retreats in Valencia\",\"publisher\":{\"@id\":\"https:\/\/retreatsvalencia.com\/es\/#organization\"},\"potentialAction\":[{\"@type\":\"SearchAction\",\"target\":{\"@type\":\"EntryPoint\",\"urlTemplate\":\"https:\/\/retreatsvalencia.com\/es\/?s={search_term_string}\"},\"query-input\":\"required name=search_term_string\"}],\"inLanguage\":\"es\"},{\"@type\":\"Organization\",\"@id\":\"https:\/\/retreatsvalencia.com\/es\/#organization\",\"name\":\"Retreats Valencia\",\"url\":\"https:\/\/retreatsvalencia.com\/es\/\",\"logo\":{\"@type\":\"ImageObject\",\"inLanguage\":\"es\",\"@id\":\"https:\/\/retreatsvalencia.com\/es\/#\/schema\/logo\/image\/\",\"url\":\"https:\/\/retreatsvalencia.com\/wp-content\/uploads\/2023\/09\/cropped-logo-transparente-negro-vortex.webp\",\"contentUrl\":\"https:\/\/retreatsvalencia.com\/wp-content\/uploads\/2023\/09\/cropped-logo-transparente-negro-vortex.webp\",\"width\":591,\"height\":119,\"caption\":\"Retreats Valencia\"},\"image\":{\"@id\":\"https:\/\/retreatsvalencia.com\/es\/#\/schema\/logo\/image\/\"},\"sameAs\":[\"https:\/\/www.facebook.com\/vortexcoworking\",\"https:\/\/www.instagram.com\/vortexcoworking\/\",\"https:\/\/www.youtube.com\/channel\/UCZP-swQ-vNAxRSGFFw8dgtQ\"]}]}<\/script>\n<!-- \/ Yoast SEO plugin. -->","yoast_head_json":{"title":"Pol\u00edtica de privacidad - Retreats Valencia","robots":{"index":"noindex","follow":"nofollow"},"og_locale":"es_ES","og_type":"article","og_title":"Pol\u00edtica de privacidad - Retreats Valencia","og_description":"Pol\u00edtica de privacidad VORTEX COWORKING SL, con CIF B02912467 y direcci\u00f3n calle Sorn\u00ed 12, 46004 Valencia, titular del website (desde ahora, VORTEX COWORKING) https:\/\/vortexcoworking.es\/ (desde ahora, \u00abwebsite\u00bb), garantiza la protecci\u00f3n de todos los datos de car\u00e1cter personal que proporcione el usuario en el mismo. En cumplimiento de lo establecido en la Ley Org\u00e1nica 15\/1999, de ... Leer m\u00e1s","og_url":"https:\/\/retreatsvalencia.com\/es\/politica-de-privacidad\/","og_site_name":"Retreats Valencia","article_publisher":"https:\/\/www.facebook.com\/vortexcoworking","article_modified_time":"2023-10-11T12:35:47+00:00","twitter_card":"summary_large_image","twitter_misc":{"Tiempo de lectura":"7 minutos"},"schema":{"@context":"https:\/\/schema.org","@graph":[{"@type":"WebPage","@id":"https:\/\/retreatsvalencia.com\/es\/politica-de-privacidad\/","url":"https:\/\/retreatsvalencia.com\/es\/politica-de-privacidad\/","name":"Pol\u00edtica de privacidad - Retreats Valencia","isPartOf":{"@id":"https:\/\/retreatsvalencia.com\/es\/#website"},"datePublished":"2023-08-02T10:00:46+00:00","dateModified":"2023-10-11T12:35:47+00:00","breadcrumb":{"@id":"https:\/\/retreatsvalencia.com\/es\/politica-de-privacidad\/#breadcrumb"},"inLanguage":"es","potentialAction":[{"@type":"ReadAction","target":["https:\/\/retreatsvalencia.com\/es\/politica-de-privacidad\/"]}]},{"@type":"BreadcrumbList","@id":"https:\/\/retreatsvalencia.com\/es\/politica-de-privacidad\/#breadcrumb","itemListElement":[{"@type":"ListItem","position":1,"name":"Portada","item":"https:\/\/retreatsvalencia.com\/es\/"},{"@type":"ListItem","position":2,"name":"Pol\u00edtica de privacidad"}]},{"@type":"WebSite","@id":"https:\/\/retreatsvalencia.com\/es\/#website","url":"https:\/\/retreatsvalencia.com\/es\/","name":"Retreats Valencia","description":"Proffesional retreats in Valencia","publisher":{"@id":"https:\/\/retreatsvalencia.com\/es\/#organization"},"potentialAction":[{"@type":"SearchAction","target":{"@type":"EntryPoint","urlTemplate":"https:\/\/retreatsvalencia.com\/es\/?s={search_term_string}"},"query-input":"required name=search_term_string"}],"inLanguage":"es"},{"@type":"Organization","@id":"https:\/\/retreatsvalencia.com\/es\/#organization","name":"Retreats Valencia","url":"https:\/\/retreatsvalencia.com\/es\/","logo":{"@type":"ImageObject","inLanguage":"es","@id":"https:\/\/retreatsvalencia.com\/es\/#\/schema\/logo\/image\/","url":"https:\/\/retreatsvalencia.com\/wp-content\/uploads\/2023\/09\/cropped-logo-transparente-negro-vortex.webp","contentUrl":"https:\/\/retreatsvalencia.com\/wp-content\/uploads\/2023\/09\/cropped-logo-transparente-negro-vortex.webp","width":591,"height":119,"caption":"Retreats Valencia"},"image":{"@id":"https:\/\/retreatsvalencia.com\/es\/#\/schema\/logo\/image\/"},"sameAs":["https:\/\/www.facebook.com\/vortexcoworking","https:\/\/www.instagram.com\/vortexcoworking\/","https:\/\/www.youtube.com\/channel\/UCZP-swQ-vNAxRSGFFw8dgtQ"]}]}},"_links":{"self":[{"href":"https:\/\/retreatsvalencia.com\/es\/wp-json\/wp\/v2\/pages\/978","targetHints":{"allow":["GET"]}}],"collection":[{"href":"https:\/\/retreatsvalencia.com\/es\/wp-json\/wp\/v2\/pages"}],"about":[{"href":"https:\/\/retreatsvalencia.com\/es\/wp-json\/wp\/v2\/types\/page"}],"author":[{"embeddable":true,"href":"https:\/\/retreatsvalencia.com\/es\/wp-json\/wp\/v2\/users\/1"}],"replies":[{"embeddable":true,"href":"https:\/\/retreatsvalencia.com\/es\/wp-json\/wp\/v2\/comments?post=978"}],"version-history":[{"count":5,"href":"https:\/\/retreatsvalencia.com\/es\/wp-json\/wp\/v2\/pages\/978\/revisions"}],"predecessor-version":[{"id":1022,"href":"https:\/\/retreatsvalencia.com\/es\/wp-json\/wp\/v2\/pages\/978\/revisions\/1022"}],"wp:attachment":[{"href":"https:\/\/retreatsvalencia.com\/es\/wp-json\/wp\/v2\/media?parent=978"}],"curies":[{"name":"wp","href":"https:\/\/api.w.org\/{rel}","templated":true}]}}