{"id":982,"date":"2023-09-21T11:31:54","date_gmt":"2023-09-21T11:31:54","guid":{"rendered":"https:\/\/retreatsvalencia.com\/declaracion-de-accesibilidad\/"},"modified":"2023-10-11T12:35:42","modified_gmt":"2023-10-11T12:35:42","slug":"declaracion-de-accesibilidad","status":"publish","type":"page","link":"https:\/\/retreatsvalencia.com\/es\/declaracion-de-accesibilidad\/","title":{"rendered":"Declaraci\u00f3n de accesibilidad"},"content":{"rendered":"\t\t<div data-elementor-type=\"wp-page\" data-elementor-id=\"982\" class=\"elementor elementor-982 elementor-708\" data-elementor-post-type=\"page\">\n\t\t\t\t\t\t<section class=\"elementor-section elementor-top-section elementor-element elementor-element-8ada9b2 elementor-section-boxed elementor-section-height-default elementor-section-height-default\" data-id=\"8ada9b2\" data-element_type=\"section\">\n\t\t\t\t\t\t<div class=\"elementor-container elementor-column-gap-default\">\n\t\t\t\t\t<div class=\"elementor-column elementor-col-100 elementor-top-column elementor-element elementor-element-7c3ec2f\" data-id=\"7c3ec2f\" data-element_type=\"column\">\n\t\t\t<div class=\"elementor-widget-wrap elementor-element-populated\">\n\t\t\t\t\t\t<div class=\"elementor-element elementor-element-d0b4049 elementor-widget elementor-widget-heading\" data-id=\"d0b4049\" data-element_type=\"widget\" data-widget_type=\"heading.default\">\n\t\t\t\t<div class=\"elementor-widget-container\">\n\t\t\t\t\t<h2 class=\"elementor-heading-title elementor-size-default\">Declaraci\u00f3n de accesibilidad<\/h2>\t\t\t\t<\/div>\n\t\t\t\t<\/div>\n\t\t\t\t\t<\/div>\n\t\t<\/div>\n\t\t\t\t\t<\/div>\n\t\t<\/section>\n\t\t\t\t<section class=\"elementor-section elementor-top-section elementor-element elementor-element-fc71381 elementor-section-boxed elementor-section-height-default elementor-section-height-default\" data-id=\"fc71381\" data-element_type=\"section\">\n\t\t\t\t\t\t<div class=\"elementor-container elementor-column-gap-default\">\n\t\t\t\t\t<div class=\"elementor-column elementor-col-100 elementor-top-column elementor-element elementor-element-9d79597\" data-id=\"9d79597\" data-element_type=\"column\">\n\t\t\t<div class=\"elementor-widget-wrap elementor-element-populated\">\n\t\t\t\t\t\t<div class=\"elementor-element elementor-element-787212f elementor-widget elementor-widget-text-editor\" data-id=\"787212f\" data-element_type=\"widget\" data-widget_type=\"text-editor.default\">\n\t\t\t\t<div class=\"elementor-widget-container\">\n\t\t\t\t\t\t\t\t\t<p>Esta declaraci\u00f3n de accesibilidad se aplica al sitio web retirosvalencia.com.<\/p>\n<p><strong>ESTADO DE CUMPLIMIENTO<\/strong><\/p>\n<p>Este sitio web cumple parcialmente con el RD 1112\/2018 debido a las excepciones e incumplimientos de los aspectos enumerados en el siguiente punto.<\/p>\n<p><strong>ELABORACI\u00d3N DE LA SIGUIENTE DECLARACI\u00d3N DE ACCESIBILIDAD<\/strong><\/p>\n<p>Esta declaraci\u00f3n se prepar\u00f3 el 10 de febrero de 2023. El m\u00e9todo utilizado para preparar la declaraci\u00f3n ha sido una autoevaluaci\u00f3n realizada por la propia empresa.<\/p>\n<p><strong>COMENTARIOS Y DATOS DE CONTACTO<\/strong><\/p>\n<p>Puede realizar comunicaciones sobre requisitos de accesibilidad (art\u00edculo 10.2.a del RD 1112\/2018) como, por ejemplo:<\/p>\n<p>Informar de cualquier posible incumplimiento por parte de este sitio web.<br \/>Transmitir otras dificultades de acceso al contenido.<br \/>Formular cualquier otra consulta o sugerencia de mejora relacionada con la accesibilidad del sitio web a trav\u00e9s del correo electr\u00f3nico de contacto <a href=\"mailto:hola@vortexcoworking.es\" rel=\"noreferrer\">hola@vortexcoworking.es<\/a><\/p>\n<p><strong>\u00bfQU\u00c9 DATOS PERSONALES RECOGEMOS?<\/strong><\/p>\n<p>Denuncia sobre el cumplimiento de los requisitos del RD 1112\/2018<br \/>Solicitud de informaci\u00f3n accesible relativa a:<\/p>\n<p>Contenidos que quedan excluidos del \u00e1mbito de aplicaci\u00f3n del RD 1112\/2018 seg\u00fan lo establecido en el art\u00edculo 3.4.<br \/>Contenido que est\u00e1 exento del cumplimiento de los requisitos de accesibilidad porque impone una carga desproporcionada.<br \/>En la solicitud de informaci\u00f3n accesible deben especificarse claramente los hechos, los motivos y la petici\u00f3n para establecer que se trata de una solicitud razonable y leg\u00edtima.<\/p>\n<p>Las quejas y reclamaciones relativas a informaci\u00f3n accesible se presentar\u00e1n a trav\u00e9s de la direcci\u00f3n de correo electr\u00f3nico arriba indicada.<\/p>\n<p><strong>PROCEDIMIENTO DE SOLICITUD<\/strong><\/p>\n<p>Si, una vez presentada una solicitud de informaci\u00f3n accesible o una reclamaci\u00f3n, \u00e9sta ha sido rechazada, el interesado no est\u00e1 de acuerdo con la decisi\u00f3n adoptada o la respuesta no cumple los requisitos establecidos en el art\u00edculo 12.5, el interesado podr\u00e1 iniciar una reclamaci\u00f3n.<\/p>\n<p>Tambi\u00e9n podr\u00e1 presentarse una reclamaci\u00f3n si ha transcurrido el plazo de veinte d\u00edas h\u00e1biles sin que se haya recibido respuesta.<\/p>\n\t\t\t\t\t\t\t\t<\/div>\n\t\t\t\t<\/div>\n\t\t\t\t\t<\/div>\n\t\t<\/div>\n\t\t\t\t\t<\/div>\n\t\t<\/section>\n\t\t\t\t<\/div>\n\t\t","protected":false},"excerpt":{"rendered":"<p>Declaraci\u00f3n de accesibilidad Esta declaraci\u00f3n de accesibilidad se aplica al sitio web retirosvalencia.com. ESTADO DE CUMPLIMIENTO Este sitio web cumple parcialmente con el RD 1112\/2018 debido a las excepciones e incumplimientos de los aspectos enumerados en el siguiente punto. ELABORACI\u00d3N DE LA SIGUIENTE DECLARACI\u00d3N DE ACCESIBILIDAD Esta declaraci\u00f3n se prepar\u00f3 el 10 de febrero de &#8230; <a title=\"Declaraci\u00f3n de accesibilidad\" class=\"read-more\" href=\"https:\/\/retreatsvalencia.com\/es\/declaracion-de-accesibilidad\/\" aria-label=\"M\u00e1s en Declaraci\u00f3n de accesibilidad\">Leer m\u00e1s<\/a><\/p>\n","protected":false},"author":4,"featured_media":0,"parent":0,"menu_order":0,"comment_status":"closed","ping_status":"closed","template":"elementor_header_footer","meta":{"footnotes":""},"class_list":["post-982","page","type-page","status-publish"],"yoast_head":"<!-- This site is optimized with the Yoast SEO plugin v21.3 - https:\/\/yoast.com\/wordpress\/plugins\/seo\/ -->\n<title>Declaraci\u00f3n de accesibilidad - Retreats Valencia<\/title>\n<meta name=\"robots\" content=\"noindex, follow\" \/>\n<meta property=\"og:locale\" content=\"es_ES\" \/>\n<meta property=\"og:type\" content=\"article\" \/>\n<meta property=\"og:title\" content=\"Declaraci\u00f3n de accesibilidad - Retreats Valencia\" \/>\n<meta property=\"og:description\" content=\"Declaraci\u00f3n de accesibilidad Esta declaraci\u00f3n de accesibilidad se aplica al sitio web retirosvalencia.com. ESTADO DE CUMPLIMIENTO Este sitio web cumple parcialmente con el RD 1112\/2018 debido a las excepciones e incumplimientos de los aspectos enumerados en el siguiente punto. ELABORACI\u00d3N DE LA SIGUIENTE DECLARACI\u00d3N DE ACCESIBILIDAD Esta declaraci\u00f3n se prepar\u00f3 el 10 de febrero de ... Leer m\u00e1s\" \/>\n<meta property=\"og:url\" content=\"https:\/\/retreatsvalencia.com\/es\/declaracion-de-accesibilidad\/\" \/>\n<meta property=\"og:site_name\" content=\"Retreats Valencia\" \/>\n<meta property=\"article:publisher\" content=\"https:\/\/www.facebook.com\/vortexcoworking\" \/>\n<meta property=\"article:modified_time\" content=\"2023-10-11T12:35:42+00:00\" \/>\n<meta name=\"twitter:card\" content=\"summary_large_image\" \/>\n<meta name=\"twitter:label1\" content=\"Tiempo de lectura\" \/>\n\t<meta name=\"twitter:data1\" content=\"2 minutos\" \/>\n<script type=\"application\/ld+json\" class=\"yoast-schema-graph\">{\"@context\":\"https:\/\/schema.org\",\"@graph\":[{\"@type\":\"WebPage\",\"@id\":\"https:\/\/retreatsvalencia.com\/es\/declaracion-de-accesibilidad\/\",\"url\":\"https:\/\/retreatsvalencia.com\/es\/declaracion-de-accesibilidad\/\",\"name\":\"Declaraci\u00f3n de accesibilidad - Retreats Valencia\",\"isPartOf\":{\"@id\":\"https:\/\/retreatsvalencia.com\/es\/#website\"},\"datePublished\":\"2023-09-21T11:31:54+00:00\",\"dateModified\":\"2023-10-11T12:35:42+00:00\",\"breadcrumb\":{\"@id\":\"https:\/\/retreatsvalencia.com\/es\/declaracion-de-accesibilidad\/#breadcrumb\"},\"inLanguage\":\"es\",\"potentialAction\":[{\"@type\":\"ReadAction\",\"target\":[\"https:\/\/retreatsvalencia.com\/es\/declaracion-de-accesibilidad\/\"]}]},{\"@type\":\"BreadcrumbList\",\"@id\":\"https:\/\/retreatsvalencia.com\/es\/declaracion-de-accesibilidad\/#breadcrumb\",\"itemListElement\":[{\"@type\":\"ListItem\",\"position\":1,\"name\":\"Portada\",\"item\":\"https:\/\/retreatsvalencia.com\/es\/\"},{\"@type\":\"ListItem\",\"position\":2,\"name\":\"Declaraci\u00f3n de accesibilidad\"}]},{\"@type\":\"WebSite\",\"@id\":\"https:\/\/retreatsvalencia.com\/es\/#website\",\"url\":\"https:\/\/retreatsvalencia.com\/es\/\",\"name\":\"Retreats Valencia\",\"description\":\"Proffesional retreats in Valencia\",\"publisher\":{\"@id\":\"https:\/\/retreatsvalencia.com\/es\/#organization\"},\"potentialAction\":[{\"@type\":\"SearchAction\",\"target\":{\"@type\":\"EntryPoint\",\"urlTemplate\":\"https:\/\/retreatsvalencia.com\/es\/?s={search_term_string}\"},\"query-input\":\"required name=search_term_string\"}],\"inLanguage\":\"es\"},{\"@type\":\"Organization\",\"@id\":\"https:\/\/retreatsvalencia.com\/es\/#organization\",\"name\":\"Retreats Valencia\",\"url\":\"https:\/\/retreatsvalencia.com\/es\/\",\"logo\":{\"@type\":\"ImageObject\",\"inLanguage\":\"es\",\"@id\":\"https:\/\/retreatsvalencia.com\/es\/#\/schema\/logo\/image\/\",\"url\":\"https:\/\/retreatsvalencia.com\/wp-content\/uploads\/2023\/09\/cropped-logo-transparente-negro-vortex.webp\",\"contentUrl\":\"https:\/\/retreatsvalencia.com\/wp-content\/uploads\/2023\/09\/cropped-logo-transparente-negro-vortex.webp\",\"width\":591,\"height\":119,\"caption\":\"Retreats Valencia\"},\"image\":{\"@id\":\"https:\/\/retreatsvalencia.com\/es\/#\/schema\/logo\/image\/\"},\"sameAs\":[\"https:\/\/www.facebook.com\/vortexcoworking\",\"https:\/\/www.instagram.com\/vortexcoworking\/\",\"https:\/\/www.youtube.com\/channel\/UCZP-swQ-vNAxRSGFFw8dgtQ\"]}]}<\/script>\n<!-- \/ Yoast SEO plugin. -->","yoast_head_json":{"title":"Declaraci\u00f3n de accesibilidad - Retreats Valencia","robots":{"index":"noindex","follow":"follow"},"og_locale":"es_ES","og_type":"article","og_title":"Declaraci\u00f3n de accesibilidad - Retreats Valencia","og_description":"Declaraci\u00f3n de accesibilidad Esta declaraci\u00f3n de accesibilidad se aplica al sitio web retirosvalencia.com. ESTADO DE CUMPLIMIENTO Este sitio web cumple parcialmente con el RD 1112\/2018 debido a las excepciones e incumplimientos de los aspectos enumerados en el siguiente punto. ELABORACI\u00d3N DE LA SIGUIENTE DECLARACI\u00d3N DE ACCESIBILIDAD Esta declaraci\u00f3n se prepar\u00f3 el 10 de febrero de ... Leer m\u00e1s","og_url":"https:\/\/retreatsvalencia.com\/es\/declaracion-de-accesibilidad\/","og_site_name":"Retreats Valencia","article_publisher":"https:\/\/www.facebook.com\/vortexcoworking","article_modified_time":"2023-10-11T12:35:42+00:00","twitter_card":"summary_large_image","twitter_misc":{"Tiempo de lectura":"2 minutos"},"schema":{"@context":"https:\/\/schema.org","@graph":[{"@type":"WebPage","@id":"https:\/\/retreatsvalencia.com\/es\/declaracion-de-accesibilidad\/","url":"https:\/\/retreatsvalencia.com\/es\/declaracion-de-accesibilidad\/","name":"Declaraci\u00f3n de accesibilidad - Retreats Valencia","isPartOf":{"@id":"https:\/\/retreatsvalencia.com\/es\/#website"},"datePublished":"2023-09-21T11:31:54+00:00","dateModified":"2023-10-11T12:35:42+00:00","breadcrumb":{"@id":"https:\/\/retreatsvalencia.com\/es\/declaracion-de-accesibilidad\/#breadcrumb"},"inLanguage":"es","potentialAction":[{"@type":"ReadAction","target":["https:\/\/retreatsvalencia.com\/es\/declaracion-de-accesibilidad\/"]}]},{"@type":"BreadcrumbList","@id":"https:\/\/retreatsvalencia.com\/es\/declaracion-de-accesibilidad\/#breadcrumb","itemListElement":[{"@type":"ListItem","position":1,"name":"Portada","item":"https:\/\/retreatsvalencia.com\/es\/"},{"@type":"ListItem","position":2,"name":"Declaraci\u00f3n de accesibilidad"}]},{"@type":"WebSite","@id":"https:\/\/retreatsvalencia.com\/es\/#website","url":"https:\/\/retreatsvalencia.com\/es\/","name":"Retreats Valencia","description":"Proffesional retreats in Valencia","publisher":{"@id":"https:\/\/retreatsvalencia.com\/es\/#organization"},"potentialAction":[{"@type":"SearchAction","target":{"@type":"EntryPoint","urlTemplate":"https:\/\/retreatsvalencia.com\/es\/?s={search_term_string}"},"query-input":"required name=search_term_string"}],"inLanguage":"es"},{"@type":"Organization","@id":"https:\/\/retreatsvalencia.com\/es\/#organization","name":"Retreats Valencia","url":"https:\/\/retreatsvalencia.com\/es\/","logo":{"@type":"ImageObject","inLanguage":"es","@id":"https:\/\/retreatsvalencia.com\/es\/#\/schema\/logo\/image\/","url":"https:\/\/retreatsvalencia.com\/wp-content\/uploads\/2023\/09\/cropped-logo-transparente-negro-vortex.webp","contentUrl":"https:\/\/retreatsvalencia.com\/wp-content\/uploads\/2023\/09\/cropped-logo-transparente-negro-vortex.webp","width":591,"height":119,"caption":"Retreats Valencia"},"image":{"@id":"https:\/\/retreatsvalencia.com\/es\/#\/schema\/logo\/image\/"},"sameAs":["https:\/\/www.facebook.com\/vortexcoworking","https:\/\/www.instagram.com\/vortexcoworking\/","https:\/\/www.youtube.com\/channel\/UCZP-swQ-vNAxRSGFFw8dgtQ"]}]}},"_links":{"self":[{"href":"https:\/\/retreatsvalencia.com\/es\/wp-json\/wp\/v2\/pages\/982","targetHints":{"allow":["GET"]}}],"collection":[{"href":"https:\/\/retreatsvalencia.com\/es\/wp-json\/wp\/v2\/pages"}],"about":[{"href":"https:\/\/retreatsvalencia.com\/es\/wp-json\/wp\/v2\/types\/page"}],"author":[{"embeddable":true,"href":"https:\/\/retreatsvalencia.com\/es\/wp-json\/wp\/v2\/users\/4"}],"replies":[{"embeddable":true,"href":"https:\/\/retreatsvalencia.com\/es\/wp-json\/wp\/v2\/comments?post=982"}],"version-history":[{"count":4,"href":"https:\/\/retreatsvalencia.com\/es\/wp-json\/wp\/v2\/pages\/982\/revisions"}],"predecessor-version":[{"id":1031,"href":"https:\/\/retreatsvalencia.com\/es\/wp-json\/wp\/v2\/pages\/982\/revisions\/1031"}],"wp:attachment":[{"href":"https:\/\/retreatsvalencia.com\/es\/wp-json\/wp\/v2\/media?parent=982"}],"curies":[{"name":"wp","href":"https:\/\/api.w.org\/{rel}","templated":true}]}}